{"id":94,"date":"2019-01-20T19:09:51","date_gmt":"2019-01-20T18:09:51","guid":{"rendered":"https:\/\/www.katrinskueche.de\/?page_id=94"},"modified":"2021-04-23T11:29:00","modified_gmt":"2021-04-23T09:29:00","slug":"verkauf","status":"publish","type":"page","link":"https:\/\/www.katrinskueche.de\/index.php\/verkauf\/","title":{"rendered":"Verkauf"},"content":{"rendered":"\n<p>Meine Produkte bekommst du zu kaufen bei  <\/p>\n\n\n\n<p>lounge&amp;fitbar bei C.M.H. im Meridian Spa, Wandsbeker Zollstra\u00dfe 87-89, 22041 Hamburg<\/p>\n\n\n\n<p><a href=\"https:\/\/onkelemma-unverpackt.de\/\">onkelemma-unverpackt<\/a>     Reetwerder 8, 21029 Hamburg<\/p>\n\n\n\n<p><a href=\"https:\/\/www.stader-fachmarkt.de\/\">stader-fachmarkt.<\/a>     Gro\u00dfe Schmiedestra\u00dfe 36, 21682 Stade<\/p>\n\n\n\n<p><a href=\"https:\/\/streubar.de\/\" data-type=\"URL\" data-id=\"https:\/\/streubar.de\/\">https:\/\/streubar.de\/<\/a> Steilshooper Stra\u00dfe 41, 22305 Hamburg<\/p>\n\n\n\n<p><\/p>\n","protected":false},"excerpt":{"rendered":"<p>Meine Produkte bekommst du zu kaufen bei lounge&amp;fitbar bei C.M.H. im Meridian Spa, Wandsbeker Zollstra\u00dfe 87-89, 22041 Hamburg onkelemma-unverpackt Reetwerder 8, 21029 Hamburg stader-fachmarkt. Gro\u00dfe Schmiedestra\u00dfe 36, 21682 Stade https:\/\/streubar.de\/<\/p>\n","protected":false},"author":1,"featured_media":0,"parent":0,"menu_order":0,"comment_status":"closed","ping_status":"closed","template":"","meta":[],"yoast_head":"<!-- This site is optimized with the Yoast SEO plugin v19.9 - https:\/\/yoast.com\/wordpress\/plugins\/seo\/ -->\n<title>Verkauf - Katrins K\u00fcche<\/title>\n<meta name=\"robots\" content=\"index, follow, max-snippet:-1, max-image-preview:large, max-video-preview:-1\" \/>\n<link rel=\"canonical\" href=\"https:\/\/www.katrinskueche.de\/index.php\/verkauf\/\" \/>\n<meta property=\"og:locale\" content=\"de_DE\" \/>\n<meta property=\"og:type\" content=\"article\" \/>\n<meta property=\"og:title\" content=\"Verkauf - Katrins K\u00fcche\" \/>\n<meta property=\"og:description\" content=\"Meine Produkte bekommst du zu kaufen bei lounge&amp;fitbar bei C.M.H. im Meridian Spa, Wandsbeker Zollstra\u00dfe 87-89, 22041 Hamburg onkelemma-unverpackt Reetwerder 8, 21029 Hamburg stader-fachmarkt. Gro\u00dfe Schmiedestra\u00dfe 36, 21682 Stade https:\/\/streubar.de\/\" \/>\n<meta property=\"og:url\" content=\"https:\/\/www.katrinskueche.de\/index.php\/verkauf\/\" \/>\n<meta property=\"og:site_name\" content=\"Katrins K\u00fcche\" \/>\n<meta property=\"article:modified_time\" content=\"2021-04-23T09:29:00+00:00\" \/>\n<meta name=\"twitter:card\" content=\"summary_large_image\" \/>\n<script type=\"application\/ld+json\" class=\"yoast-schema-graph\">{\"@context\":\"https:\/\/schema.org\",\"@graph\":[{\"@type\":\"WebPage\",\"@id\":\"https:\/\/www.katrinskueche.de\/index.php\/verkauf\/\",\"url\":\"https:\/\/www.katrinskueche.de\/index.php\/verkauf\/\",\"name\":\"Verkauf - Katrins K\u00fcche\",\"isPartOf\":{\"@id\":\"https:\/\/www.katrinskueche.de\/#website\"},\"datePublished\":\"2019-01-20T18:09:51+00:00\",\"dateModified\":\"2021-04-23T09:29:00+00:00\",\"breadcrumb\":{\"@id\":\"https:\/\/www.katrinskueche.de\/index.php\/verkauf\/#breadcrumb\"},\"inLanguage\":\"de\",\"potentialAction\":[{\"@type\":\"ReadAction\",\"target\":[\"https:\/\/www.katrinskueche.de\/index.php\/verkauf\/\"]}]},{\"@type\":\"BreadcrumbList\",\"@id\":\"https:\/\/www.katrinskueche.de\/index.php\/verkauf\/#breadcrumb\",\"itemListElement\":[{\"@type\":\"ListItem\",\"position\":1,\"name\":\"Startseite\",\"item\":\"https:\/\/www.katrinskueche.de\/\"},{\"@type\":\"ListItem\",\"position\":2,\"name\":\"Verkauf\"}]},{\"@type\":\"WebSite\",\"@id\":\"https:\/\/www.katrinskueche.de\/#website\",\"url\":\"https:\/\/www.katrinskueche.de\/\",\"name\":\"Katrins K\u00fcche\",\"description\":\"Vegane Brotaufstriche ohne Zus\u00e4tze und ohne Zucker\",\"publisher\":{\"@id\":\"https:\/\/www.katrinskueche.de\/#organization\"},\"potentialAction\":[{\"@type\":\"SearchAction\",\"target\":{\"@type\":\"EntryPoint\",\"urlTemplate\":\"https:\/\/www.katrinskueche.de\/?s={search_term_string}\"},\"query-input\":\"required name=search_term_string\"}],\"inLanguage\":\"de\"},{\"@type\":\"Organization\",\"@id\":\"https:\/\/www.katrinskueche.de\/#organization\",\"name\":\"Katrins K\u00fcche\",\"url\":\"https:\/\/www.katrinskueche.de\/\",\"logo\":{\"@type\":\"ImageObject\",\"inLanguage\":\"de\",\"@id\":\"https:\/\/www.katrinskueche.de\/#\/schema\/logo\/image\/\",\"url\":\"https:\/\/www.katrinskueche.de\/wp-content\/uploads\/2018\/10\/katrinskueche_80.jpg\",\"contentUrl\":\"https:\/\/www.katrinskueche.de\/wp-content\/uploads\/2018\/10\/katrinskueche_80.jpg\",\"width\":79,\"height\":79,\"caption\":\"Katrins K\u00fcche\"},\"image\":{\"@id\":\"https:\/\/www.katrinskueche.de\/#\/schema\/logo\/image\/\"}}]}<\/script>\n<!-- \/ Yoast SEO plugin. -->","yoast_head_json":{"title":"Verkauf - Katrins K\u00fcche","robots":{"index":"index","follow":"follow","max-snippet":"max-snippet:-1","max-image-preview":"max-image-preview:large","max-video-preview":"max-video-preview:-1"},"canonical":"https:\/\/www.katrinskueche.de\/index.php\/verkauf\/","og_locale":"de_DE","og_type":"article","og_title":"Verkauf - Katrins K\u00fcche","og_description":"Meine Produkte bekommst du zu kaufen bei lounge&amp;fitbar bei C.M.H. im Meridian Spa, Wandsbeker Zollstra\u00dfe 87-89, 22041 Hamburg onkelemma-unverpackt Reetwerder 8, 21029 Hamburg stader-fachmarkt. Gro\u00dfe Schmiedestra\u00dfe 36, 21682 Stade https:\/\/streubar.de\/","og_url":"https:\/\/www.katrinskueche.de\/index.php\/verkauf\/","og_site_name":"Katrins K\u00fcche","article_modified_time":"2021-04-23T09:29:00+00:00","twitter_card":"summary_large_image","schema":{"@context":"https:\/\/schema.org","@graph":[{"@type":"WebPage","@id":"https:\/\/www.katrinskueche.de\/index.php\/verkauf\/","url":"https:\/\/www.katrinskueche.de\/index.php\/verkauf\/","name":"Verkauf - Katrins K\u00fcche","isPartOf":{"@id":"https:\/\/www.katrinskueche.de\/#website"},"datePublished":"2019-01-20T18:09:51+00:00","dateModified":"2021-04-23T09:29:00+00:00","breadcrumb":{"@id":"https:\/\/www.katrinskueche.de\/index.php\/verkauf\/#breadcrumb"},"inLanguage":"de","potentialAction":[{"@type":"ReadAction","target":["https:\/\/www.katrinskueche.de\/index.php\/verkauf\/"]}]},{"@type":"BreadcrumbList","@id":"https:\/\/www.katrinskueche.de\/index.php\/verkauf\/#breadcrumb","itemListElement":[{"@type":"ListItem","position":1,"name":"Startseite","item":"https:\/\/www.katrinskueche.de\/"},{"@type":"ListItem","position":2,"name":"Verkauf"}]},{"@type":"WebSite","@id":"https:\/\/www.katrinskueche.de\/#website","url":"https:\/\/www.katrinskueche.de\/","name":"Katrins K\u00fcche","description":"Vegane Brotaufstriche ohne Zus\u00e4tze und ohne Zucker","publisher":{"@id":"https:\/\/www.katrinskueche.de\/#organization"},"potentialAction":[{"@type":"SearchAction","target":{"@type":"EntryPoint","urlTemplate":"https:\/\/www.katrinskueche.de\/?s={search_term_string}"},"query-input":"required name=search_term_string"}],"inLanguage":"de"},{"@type":"Organization","@id":"https:\/\/www.katrinskueche.de\/#organization","name":"Katrins K\u00fcche","url":"https:\/\/www.katrinskueche.de\/","logo":{"@type":"ImageObject","inLanguage":"de","@id":"https:\/\/www.katrinskueche.de\/#\/schema\/logo\/image\/","url":"https:\/\/www.katrinskueche.de\/wp-content\/uploads\/2018\/10\/katrinskueche_80.jpg","contentUrl":"https:\/\/www.katrinskueche.de\/wp-content\/uploads\/2018\/10\/katrinskueche_80.jpg","width":79,"height":79,"caption":"Katrins K\u00fcche"},"image":{"@id":"https:\/\/www.katrinskueche.de\/#\/schema\/logo\/image\/"}}]}},"_links":{"self":[{"href":"https:\/\/www.katrinskueche.de\/index.php\/wp-json\/wp\/v2\/pages\/94"}],"collection":[{"href":"https:\/\/www.katrinskueche.de\/index.php\/wp-json\/wp\/v2\/pages"}],"about":[{"href":"https:\/\/www.katrinskueche.de\/index.php\/wp-json\/wp\/v2\/types\/page"}],"author":[{"embeddable":true,"href":"https:\/\/www.katrinskueche.de\/index.php\/wp-json\/wp\/v2\/users\/1"}],"replies":[{"embeddable":true,"href":"https:\/\/www.katrinskueche.de\/index.php\/wp-json\/wp\/v2\/comments?post=94"}],"version-history":[{"count":11,"href":"https:\/\/www.katrinskueche.de\/index.php\/wp-json\/wp\/v2\/pages\/94\/revisions"}],"predecessor-version":[{"id":368,"href":"https:\/\/www.katrinskueche.de\/index.php\/wp-json\/wp\/v2\/pages\/94\/revisions\/368"}],"wp:attachment":[{"href":"https:\/\/www.katrinskueche.de\/index.php\/wp-json\/wp\/v2\/media?parent=94"}],"curies":[{"name":"wp","href":"https:\/\/api.w.org\/{rel}","templated":true}]}}