{"id":199,"date":"2020-03-30T10:23:57","date_gmt":"2020-03-30T08:23:57","guid":{"rendered":"https:\/\/www.katrinskueche.de\/?page_id=199"},"modified":"2021-06-06T14:57:00","modified_gmt":"2021-06-06T12:57:00","slug":"phenylketonurie-pku","status":"publish","type":"page","link":"https:\/\/www.katrinskueche.de\/index.php\/phenylketonurie-pku\/","title":{"rendered":"Phenylketonurie (PKU)"},"content":{"rendered":"\n<div class=\"wp-block-image\"><figure class=\"aligncenter size-large is-resized\"><img loading=\"lazy\" src=\"https:\/\/www.katrinskueche.de\/wp-content\/uploads\/2020\/03\/Vitaflo_logo_CMYK-1003x1024.png\" alt=\"\" class=\"wp-image-200\" width=\"166\" height=\"283\"\/><\/figure><\/div>\n\n\n\n<p>In Zusammenarbeit mit Vitaflo\u00ae \u2013 dem Spitzenreiter in der Entwicklung innovativer spezialisierter klinischer Nahrungsprodukte f\u00fcr Patienten mit angeborenen Stoffwechselst\u00f6rungen \u2013 habe ich f\u00fcr euch einige Produkte variiert, damit auch PKU-Erkrankte die Brotaufstriche genie\u00dfen k\u00f6nnen. Die N\u00e4hrwerte wurden mit der Software PRODI\u00ae berechnet.<\/p>\n\n\n\n<p>Ab dem 01.04.2020 k\u00f6nnt ihr \u00fcber meinen Online-Shop  <a href=\"https:\/\/shop.katrinskueche.de\/12-pku-produkte\">https:\/\/shop.katrinskueche.de\/12-pku-produkte<\/a> Phenylalaninarme Brotaufstriche bestellen. Ich habe hier f\u00fcr euch eine \u00dcbersicht erstellt, bei denen es sich um geeignete PKU-Produkte handelt. Bitte achtet bei der Bestellung im Shop auf den Hinweis PKU direkt bei den Produkten.<\/p>\n\n\n\n<p><\/p>\n\n\n\n<figure class=\"wp-block-image size-large is-resized\"><img loading=\"lazy\" src=\"https:\/\/www.katrinskueche.de\/wp-content\/uploads\/2020\/03\/paprika.jpg\" alt=\"\" class=\"wp-image-204\" width=\"594\" height=\"92\"\/><figcaption>Paprika (PKU-geeignet)<\/figcaption><\/figure>\n\n\n\n<div class=\"wp-block-image\"><figure class=\"aligncenter size-large is-resized\"><img loading=\"lazy\" src=\"https:\/\/www.katrinskueche.de\/wp-content\/uploads\/2021\/06\/20210606_115101-819x1024.jpg\" alt=\"\" class=\"wp-image-398\" width=\"308\" height=\"387\"\/><\/figure><\/div>\n\n\n\n<figure class=\"wp-block-image size-large\"><img loading=\"lazy\" width=\"615\" height=\"97\" src=\"https:\/\/www.katrinskueche.de\/wp-content\/uploads\/2020\/03\/Rotebeete.jpg\" alt=\"\" class=\"wp-image-205\" srcset=\"https:\/\/www.katrinskueche.de\/wp-content\/uploads\/2020\/03\/Rotebeete.jpg 615w, https:\/\/www.katrinskueche.de\/wp-content\/uploads\/2020\/03\/Rotebeete-300x47.jpg 300w\" sizes=\"(max-width: 615px) 100vw, 615px\" \/><figcaption>Rote Beete (PKU-geeignet)<\/figcaption><\/figure>\n\n\n\n<div class=\"wp-block-image\"><figure class=\"aligncenter size-large is-resized\"><img loading=\"lazy\" src=\"https:\/\/www.katrinskueche.de\/wp-content\/uploads\/2021\/06\/20210606_114820-742x1024.jpg\" alt=\"\" class=\"wp-image-400\" width=\"307\" height=\"443\"\/><\/figure><\/div>\n\n\n\n<figure class=\"wp-block-image size-large is-resized\"><img loading=\"lazy\" src=\"https:\/\/www.katrinskueche.de\/wp-content\/uploads\/2020\/03\/vegetarische.jpg\" alt=\"\" class=\"wp-image-206\" width=\"622\" height=\"98\" srcset=\"https:\/\/www.katrinskueche.de\/wp-content\/uploads\/2020\/03\/vegetarische.jpg 622w, https:\/\/www.katrinskueche.de\/wp-content\/uploads\/2020\/03\/vegetarische-300x47.jpg 300w\" sizes=\"(max-width: 622px) 100vw, 622px\" \/><figcaption>vegetarische Leberwurst (PKU-geeignet)<\/figcaption><\/figure>\n\n\n\n<div class=\"wp-block-image\"><figure class=\"aligncenter size-large is-resized\"><img loading=\"lazy\" src=\"https:\/\/www.katrinskueche.de\/wp-content\/uploads\/2021\/06\/20210606_114919-789x1024.jpg\" alt=\"\" class=\"wp-image-401\" width=\"302\" height=\"406\"\/><\/figure><\/div>\n\n\n\n<figure class=\"wp-block-image size-large\"><img loading=\"lazy\" width=\"628\" height=\"102\" src=\"https:\/\/www.katrinskueche.de\/wp-content\/uploads\/2020\/03\/zucchini.jpg\" alt=\"\" class=\"wp-image-207\" srcset=\"https:\/\/www.katrinskueche.de\/wp-content\/uploads\/2020\/03\/zucchini.jpg 628w, https:\/\/www.katrinskueche.de\/wp-content\/uploads\/2020\/03\/zucchini-300x49.jpg 300w\" sizes=\"(max-width: 628px) 100vw, 628px\" \/><figcaption>Zucchini-Basilikum (PKU-geeignet)<\/figcaption><\/figure>\n\n\n\n<div class=\"wp-block-image\"><figure class=\"aligncenter size-large is-resized\"><img loading=\"lazy\" src=\"https:\/\/www.katrinskueche.de\/wp-content\/uploads\/2021\/06\/20210606_114839-834x1024.jpg\" alt=\"\" class=\"wp-image-402\" width=\"315\" height=\"395\"\/><\/figure><\/div>\n\n\n\n<figure class=\"wp-block-image size-large\"><img loading=\"lazy\" width=\"627\" height=\"105\" src=\"https:\/\/www.katrinskueche.de\/wp-content\/uploads\/2020\/03\/pku-suesskartoffel.jpg\" alt=\"\" class=\"wp-image-220\" srcset=\"https:\/\/www.katrinskueche.de\/wp-content\/uploads\/2020\/03\/pku-suesskartoffel.jpg 627w, https:\/\/www.katrinskueche.de\/wp-content\/uploads\/2020\/03\/pku-suesskartoffel-300x50.jpg 300w\" sizes=\"(max-width: 627px) 100vw, 627px\" \/><figcaption>S\u00fc\u00dfkartoffel (PKU-geeignet)<\/figcaption><\/figure>\n\n\n\n<div class=\"wp-block-image\"><figure class=\"aligncenter size-large is-resized\"><img loading=\"lazy\" src=\"https:\/\/www.katrinskueche.de\/wp-content\/uploads\/2021\/06\/20210606_114859-819x1024.jpg\" alt=\"\" class=\"wp-image-403\" width=\"318\" height=\"411\"\/><\/figure><\/div>\n\n\n\n<figure class=\"wp-block-image size-large\"><img loading=\"lazy\" width=\"613\" height=\"92\" src=\"https:\/\/www.katrinskueche.de\/wp-content\/uploads\/2020\/03\/pku-kuerbismoehre.jpg\" alt=\"\" class=\"wp-image-222\" srcset=\"https:\/\/www.katrinskueche.de\/wp-content\/uploads\/2020\/03\/pku-kuerbismoehre.jpg 613w, https:\/\/www.katrinskueche.de\/wp-content\/uploads\/2020\/03\/pku-kuerbismoehre-300x45.jpg 300w\" sizes=\"(max-width: 613px) 100vw, 613px\" \/><figcaption>K\u00fcrbis-M\u00f6hre (PKU-geeignet)<\/figcaption><\/figure>\n\n\n\n<div class=\"wp-block-image\"><figure class=\"aligncenter size-large is-resized\"><img loading=\"lazy\" src=\"https:\/\/www.katrinskueche.de\/wp-content\/uploads\/2021\/06\/20210606_115139-676x1024.jpg\" alt=\"\" class=\"wp-image-404\" width=\"319\" height=\"509\"\/><\/figure><\/div>\n\n\n\n<figure class=\"wp-block-image size-large\"><img loading=\"lazy\" width=\"666\" height=\"129\" src=\"https:\/\/www.katrinskueche.de\/wp-content\/uploads\/2020\/12\/pku-tomate-erdbeere.jpg\" alt=\"\" class=\"wp-image-260\" srcset=\"https:\/\/www.katrinskueche.de\/wp-content\/uploads\/2020\/12\/pku-tomate-erdbeere.jpg 666w, https:\/\/www.katrinskueche.de\/wp-content\/uploads\/2020\/12\/pku-tomate-erdbeere-300x58.jpg 300w\" sizes=\"(max-width: 666px) 100vw, 666px\" \/><\/figure>\n\n\n\n<div class=\"wp-block-image\"><figure class=\"aligncenter size-large is-resized\"><img loading=\"lazy\" src=\"https:\/\/www.katrinskueche.de\/wp-content\/uploads\/2021\/06\/20210606_115042-822x1024.jpg\" alt=\"\" class=\"wp-image-405\" width=\"313\" height=\"391\" srcset=\"https:\/\/www.katrinskueche.de\/wp-content\/uploads\/2021\/06\/20210606_115042-822x1024.jpg 822w, https:\/\/www.katrinskueche.de\/wp-content\/uploads\/2021\/06\/20210606_115042-241x300.jpg 241w, https:\/\/www.katrinskueche.de\/wp-content\/uploads\/2021\/06\/20210606_115042-768x956.jpg 768w, https:\/\/www.katrinskueche.de\/wp-content\/uploads\/2021\/06\/20210606_115042-1234x1536.jpg 1234w, https:\/\/www.katrinskueche.de\/wp-content\/uploads\/2021\/06\/20210606_115042-1645x2048.jpg 1645w, https:\/\/www.katrinskueche.de\/wp-content\/uploads\/2021\/06\/20210606_115042.jpg 1951w\" sizes=\"(max-width: 313px) 100vw, 313px\" \/><\/figure><\/div>\n\n\n\n<figure class=\"wp-block-image size-large\"><img loading=\"lazy\" width=\"666\" height=\"122\" src=\"https:\/\/www.katrinskueche.de\/wp-content\/uploads\/2020\/12\/pku-veganes-mett.jpg\" alt=\"\" class=\"wp-image-262\" srcset=\"https:\/\/www.katrinskueche.de\/wp-content\/uploads\/2020\/12\/pku-veganes-mett.jpg 666w, https:\/\/www.katrinskueche.de\/wp-content\/uploads\/2020\/12\/pku-veganes-mett-300x55.jpg 300w\" sizes=\"(max-width: 666px) 100vw, 666px\" \/><\/figure>\n\n\n\n<div class=\"wp-block-image\"><figure class=\"aligncenter size-large is-resized\"><img loading=\"lazy\" src=\"https:\/\/www.katrinskueche.de\/wp-content\/uploads\/2021\/06\/20210606_115021-794x1024.jpg\" alt=\"\" class=\"wp-image-406\" width=\"317\" height=\"409\" srcset=\"https:\/\/www.katrinskueche.de\/wp-content\/uploads\/2021\/06\/20210606_115021-794x1024.jpg 794w, https:\/\/www.katrinskueche.de\/wp-content\/uploads\/2021\/06\/20210606_115021-233x300.jpg 233w, https:\/\/www.katrinskueche.de\/wp-content\/uploads\/2021\/06\/20210606_115021-768x990.jpg 768w, https:\/\/www.katrinskueche.de\/wp-content\/uploads\/2021\/06\/20210606_115021-1191x1536.jpg 1191w, https:\/\/www.katrinskueche.de\/wp-content\/uploads\/2021\/06\/20210606_115021-1588x2048.jpg 1588w, https:\/\/www.katrinskueche.de\/wp-content\/uploads\/2021\/06\/20210606_115021.jpg 1841w\" sizes=\"(max-width: 317px) 100vw, 317px\" \/><\/figure><\/div>\n\n\n\n<figure class=\"wp-block-image size-large\"><img loading=\"lazy\" width=\"684\" height=\"136\" src=\"https:\/\/www.katrinskueche.de\/wp-content\/uploads\/2020\/12\/pku-ratatouille.jpg\" alt=\"\" class=\"wp-image-264\" srcset=\"https:\/\/www.katrinskueche.de\/wp-content\/uploads\/2020\/12\/pku-ratatouille.jpg 684w, https:\/\/www.katrinskueche.de\/wp-content\/uploads\/2020\/12\/pku-ratatouille-300x60.jpg 300w\" sizes=\"(max-width: 684px) 100vw, 684px\" \/><\/figure>\n\n\n\n<div class=\"wp-block-image\"><figure class=\"aligncenter size-large is-resized\"><img loading=\"lazy\" src=\"https:\/\/www.katrinskueche.de\/wp-content\/uploads\/2021\/06\/20210606_114939-768x1024.jpg\" alt=\"\" class=\"wp-image-407\" width=\"328\" height=\"437\" srcset=\"https:\/\/www.katrinskueche.de\/wp-content\/uploads\/2021\/06\/20210606_114939-768x1024.jpg 768w, https:\/\/www.katrinskueche.de\/wp-content\/uploads\/2021\/06\/20210606_114939-225x300.jpg 225w, https:\/\/www.katrinskueche.de\/wp-content\/uploads\/2021\/06\/20210606_114939-1152x1536.jpg 1152w, https:\/\/www.katrinskueche.de\/wp-content\/uploads\/2021\/06\/20210606_114939-1535x2048.jpg 1535w, https:\/\/www.katrinskueche.de\/wp-content\/uploads\/2021\/06\/20210606_114939-scaled.jpg 1919w\" sizes=\"(max-width: 328px) 100vw, 328px\" \/><\/figure><\/div>\n\n\n\n<figure class=\"wp-block-image size-large is-resized\"><img loading=\"lazy\" src=\"https:\/\/www.katrinskueche.de\/wp-content\/uploads\/2021\/06\/Minestrone.png\" alt=\"\" class=\"wp-image-421\" width=\"661\" height=\"128\" srcset=\"https:\/\/www.katrinskueche.de\/wp-content\/uploads\/2021\/06\/Minestrone.png 629w, https:\/\/www.katrinskueche.de\/wp-content\/uploads\/2021\/06\/Minestrone-300x58.png 300w\" sizes=\"(max-width: 661px) 100vw, 661px\" \/><\/figure>\n\n\n\n<div class=\"wp-block-image\"><figure class=\"aligncenter size-large is-resized\"><img loading=\"lazy\" src=\"https:\/\/www.katrinskueche.de\/wp-content\/uploads\/2021\/06\/20210605_163657-1-616x1024.jpg\" alt=\"\" class=\"wp-image-415\" width=\"400\" height=\"665\" srcset=\"https:\/\/www.katrinskueche.de\/wp-content\/uploads\/2021\/06\/20210605_163657-1-616x1024.jpg 616w, https:\/\/www.katrinskueche.de\/wp-content\/uploads\/2021\/06\/20210605_163657-1-180x300.jpg 180w, https:\/\/www.katrinskueche.de\/wp-content\/uploads\/2021\/06\/20210605_163657-1-768x1278.jpg 768w, https:\/\/www.katrinskueche.de\/wp-content\/uploads\/2021\/06\/20210605_163657-1-923x1536.jpg 923w, https:\/\/www.katrinskueche.de\/wp-content\/uploads\/2021\/06\/20210605_163657-1-1231x2048.jpg 1231w, https:\/\/www.katrinskueche.de\/wp-content\/uploads\/2021\/06\/20210605_163657-1-scaled.jpg 1539w\" sizes=\"(max-width: 400px) 100vw, 400px\" \/><\/figure><\/div>\n\n\n\n<figure class=\"wp-block-image size-large is-resized\"><img loading=\"lazy\" src=\"https:\/\/www.katrinskueche.de\/wp-content\/uploads\/2021\/06\/Suesskartoffel.png\" alt=\"\" class=\"wp-image-424\" width=\"669\" height=\"153\" srcset=\"https:\/\/www.katrinskueche.de\/wp-content\/uploads\/2021\/06\/Suesskartoffel.png 627w, https:\/\/www.katrinskueche.de\/wp-content\/uploads\/2021\/06\/Suesskartoffel-300x68.png 300w\" sizes=\"(max-width: 669px) 100vw, 669px\" \/><\/figure>\n\n\n\n<div class=\"wp-block-image\"><figure class=\"aligncenter size-large is-resized\"><img loading=\"lazy\" src=\"https:\/\/www.katrinskueche.de\/wp-content\/uploads\/2021\/06\/20210605_163757-1-642x1024.jpg\" alt=\"\" class=\"wp-image-416\" width=\"399\" height=\"636\" srcset=\"https:\/\/www.katrinskueche.de\/wp-content\/uploads\/2021\/06\/20210605_163757-1-642x1024.jpg 642w, https:\/\/www.katrinskueche.de\/wp-content\/uploads\/2021\/06\/20210605_163757-1-188x300.jpg 188w, https:\/\/www.katrinskueche.de\/wp-content\/uploads\/2021\/06\/20210605_163757-1-768x1225.jpg 768w, https:\/\/www.katrinskueche.de\/wp-content\/uploads\/2021\/06\/20210605_163757-1-963x1536.jpg 963w, https:\/\/www.katrinskueche.de\/wp-content\/uploads\/2021\/06\/20210605_163757-1-1284x2048.jpg 1284w, https:\/\/www.katrinskueche.de\/wp-content\/uploads\/2021\/06\/20210605_163757-1-scaled.jpg 1605w\" sizes=\"(max-width: 399px) 100vw, 399px\" \/><\/figure><\/div>\n\n\n\n<figure class=\"wp-block-image size-large is-resized\"><img loading=\"lazy\" src=\"https:\/\/www.katrinskueche.de\/wp-content\/uploads\/2021\/06\/Sojanka.png\" alt=\"\" class=\"wp-image-423\" width=\"678\" height=\"140\" srcset=\"https:\/\/www.katrinskueche.de\/wp-content\/uploads\/2021\/06\/Sojanka.png 619w, https:\/\/www.katrinskueche.de\/wp-content\/uploads\/2021\/06\/Sojanka-300x62.png 300w\" sizes=\"(max-width: 678px) 100vw, 678px\" \/><\/figure>\n\n\n\n<div class=\"wp-block-image\"><figure class=\"aligncenter size-large is-resized\"><img loading=\"lazy\" src=\"https:\/\/www.katrinskueche.de\/wp-content\/uploads\/2021\/06\/20210605_163837-1-608x1024.jpg\" alt=\"\" class=\"wp-image-417\" width=\"395\" height=\"665\" srcset=\"https:\/\/www.katrinskueche.de\/wp-content\/uploads\/2021\/06\/20210605_163837-1-608x1024.jpg 608w, https:\/\/www.katrinskueche.de\/wp-content\/uploads\/2021\/06\/20210605_163837-1-178x300.jpg 178w, https:\/\/www.katrinskueche.de\/wp-content\/uploads\/2021\/06\/20210605_163837-1-768x1295.jpg 768w, https:\/\/www.katrinskueche.de\/wp-content\/uploads\/2021\/06\/20210605_163837-1-911x1536.jpg 911w, https:\/\/www.katrinskueche.de\/wp-content\/uploads\/2021\/06\/20210605_163837-1-1215x2048.jpg 1215w, https:\/\/www.katrinskueche.de\/wp-content\/uploads\/2021\/06\/20210605_163837-1-scaled.jpg 1519w\" sizes=\"(max-width: 395px) 100vw, 395px\" \/><\/figure><\/div>\n\n\n\n<figure class=\"wp-block-image size-large is-resized\"><img loading=\"lazy\" src=\"https:\/\/www.katrinskueche.de\/wp-content\/uploads\/2021\/06\/China-Suppe-Suess-Sauer.png\" alt=\"\" class=\"wp-image-420\" width=\"685\" height=\"132\" srcset=\"https:\/\/www.katrinskueche.de\/wp-content\/uploads\/2021\/06\/China-Suppe-Suess-Sauer.png 647w, https:\/\/www.katrinskueche.de\/wp-content\/uploads\/2021\/06\/China-Suppe-Suess-Sauer-300x58.png 300w, https:\/\/www.katrinskueche.de\/wp-content\/uploads\/2021\/06\/China-Suppe-Suess-Sauer-642x125.png 642w\" sizes=\"(max-width: 685px) 100vw, 685px\" \/><\/figure>\n\n\n\n<div class=\"wp-block-image\"><figure class=\"aligncenter size-large is-resized\"><img loading=\"lazy\" src=\"https:\/\/www.katrinskueche.de\/wp-content\/uploads\/2021\/06\/20210605_163907-612x1024.jpg\" alt=\"\" class=\"wp-image-418\" width=\"389\" height=\"651\" srcset=\"https:\/\/www.katrinskueche.de\/wp-content\/uploads\/2021\/06\/20210605_163907-612x1024.jpg 612w, https:\/\/www.katrinskueche.de\/wp-content\/uploads\/2021\/06\/20210605_163907-179x300.jpg 179w, https:\/\/www.katrinskueche.de\/wp-content\/uploads\/2021\/06\/20210605_163907-768x1284.jpg 768w, https:\/\/www.katrinskueche.de\/wp-content\/uploads\/2021\/06\/20210605_163907-919x1536.jpg 919w, https:\/\/www.katrinskueche.de\/wp-content\/uploads\/2021\/06\/20210605_163907-1225x2048.jpg 1225w, https:\/\/www.katrinskueche.de\/wp-content\/uploads\/2021\/06\/20210605_163907-scaled.jpg 1531w\" sizes=\"(max-width: 389px) 100vw, 389px\" \/><\/figure><\/div>\n\n\n\n<figure class=\"wp-block-image size-large is-resized\"><img loading=\"lazy\" src=\"https:\/\/www.katrinskueche.de\/wp-content\/uploads\/2021\/06\/Rote-Linsen-Suppe.png\" alt=\"\" class=\"wp-image-422\" width=\"696\" height=\"144\" srcset=\"https:\/\/www.katrinskueche.de\/wp-content\/uploads\/2021\/06\/Rote-Linsen-Suppe.png 637w, https:\/\/www.katrinskueche.de\/wp-content\/uploads\/2021\/06\/Rote-Linsen-Suppe-300x62.png 300w\" sizes=\"(max-width: 696px) 100vw, 696px\" \/><\/figure>\n\n\n\n<div class=\"wp-block-image\"><figure class=\"aligncenter size-large is-resized\"><img loading=\"lazy\" src=\"https:\/\/www.katrinskueche.de\/wp-content\/uploads\/2021\/06\/20210605_164006-674x1024.jpg\" alt=\"\" class=\"wp-image-419\" width=\"387\" height=\"588\" srcset=\"https:\/\/www.katrinskueche.de\/wp-content\/uploads\/2021\/06\/20210605_164006-674x1024.jpg 674w, https:\/\/www.katrinskueche.de\/wp-content\/uploads\/2021\/06\/20210605_164006-198x300.jpg 198w, https:\/\/www.katrinskueche.de\/wp-content\/uploads\/2021\/06\/20210605_164006-768x1166.jpg 768w, https:\/\/www.katrinskueche.de\/wp-content\/uploads\/2021\/06\/20210605_164006-1011x1536.jpg 1011w, https:\/\/www.katrinskueche.de\/wp-content\/uploads\/2021\/06\/20210605_164006-1348x2048.jpg 1348w, https:\/\/www.katrinskueche.de\/wp-content\/uploads\/2021\/06\/20210605_164006-scaled.jpg 1686w\" sizes=\"(max-width: 387px) 100vw, 387px\" \/><\/figure><\/div>\n","protected":false},"excerpt":{"rendered":"<p>F\u00fcr Patienten mit PKU-Erkrankung habe ich einige Produkte mit Unterst\u00fctzung von Vitaflo und PRODI modifiziert<\/p>\n","protected":false},"author":1,"featured_media":213,"parent":0,"menu_order":0,"comment_status":"closed","ping_status":"closed","template":"","meta":[],"yoast_head":"<!-- This site is optimized with the Yoast SEO plugin v19.9 - https:\/\/yoast.com\/wordpress\/plugins\/seo\/ -->\n<title>Phenylketonurie (PKU) - Katrins K\u00fcche<\/title>\n<meta name=\"robots\" content=\"index, follow, max-snippet:-1, max-image-preview:large, max-video-preview:-1\" \/>\n<link rel=\"canonical\" href=\"https:\/\/www.katrinskueche.de\/index.php\/phenylketonurie-pku\/\" \/>\n<meta property=\"og:locale\" content=\"de_DE\" \/>\n<meta property=\"og:type\" content=\"article\" \/>\n<meta property=\"og:title\" content=\"Phenylketonurie (PKU) - Katrins K\u00fcche\" \/>\n<meta property=\"og:description\" content=\"F\u00fcr Patienten mit PKU-Erkrankung habe ich einige Produkte mit Unterst\u00fctzung von Vitaflo und PRODI modifiziert\" \/>\n<meta property=\"og:url\" content=\"https:\/\/www.katrinskueche.de\/index.php\/phenylketonurie-pku\/\" \/>\n<meta property=\"og:site_name\" content=\"Katrins K\u00fcche\" \/>\n<meta property=\"article:modified_time\" content=\"2021-06-06T12:57:00+00:00\" \/>\n<meta property=\"og:image\" content=\"https:\/\/www.katrinskueche.de\/wp-content\/uploads\/2020\/03\/pku-brotaufstrich.jpg\" \/>\n\t<meta property=\"og:image:width\" content=\"150\" \/>\n\t<meta property=\"og:image:height\" content=\"150\" \/>\n\t<meta property=\"og:image:type\" content=\"image\/jpeg\" \/>\n<meta name=\"twitter:card\" content=\"summary_large_image\" \/>\n<meta name=\"twitter:label1\" content=\"Gesch\u00e4tzte Lesezeit\" \/>\n\t<meta name=\"twitter:data1\" content=\"7\u00a0Minuten\" \/>\n<script type=\"application\/ld+json\" class=\"yoast-schema-graph\">{\"@context\":\"https:\/\/schema.org\",\"@graph\":[{\"@type\":\"WebPage\",\"@id\":\"https:\/\/www.katrinskueche.de\/index.php\/phenylketonurie-pku\/\",\"url\":\"https:\/\/www.katrinskueche.de\/index.php\/phenylketonurie-pku\/\",\"name\":\"Phenylketonurie (PKU) - Katrins K\u00fcche\",\"isPartOf\":{\"@id\":\"https:\/\/www.katrinskueche.de\/#website\"},\"datePublished\":\"2020-03-30T08:23:57+00:00\",\"dateModified\":\"2021-06-06T12:57:00+00:00\",\"breadcrumb\":{\"@id\":\"https:\/\/www.katrinskueche.de\/index.php\/phenylketonurie-pku\/#breadcrumb\"},\"inLanguage\":\"de\",\"potentialAction\":[{\"@type\":\"ReadAction\",\"target\":[\"https:\/\/www.katrinskueche.de\/index.php\/phenylketonurie-pku\/\"]}]},{\"@type\":\"BreadcrumbList\",\"@id\":\"https:\/\/www.katrinskueche.de\/index.php\/phenylketonurie-pku\/#breadcrumb\",\"itemListElement\":[{\"@type\":\"ListItem\",\"position\":1,\"name\":\"Startseite\",\"item\":\"https:\/\/www.katrinskueche.de\/\"},{\"@type\":\"ListItem\",\"position\":2,\"name\":\"Phenylketonurie (PKU)\"}]},{\"@type\":\"WebSite\",\"@id\":\"https:\/\/www.katrinskueche.de\/#website\",\"url\":\"https:\/\/www.katrinskueche.de\/\",\"name\":\"Katrins K\u00fcche\",\"description\":\"Vegane Brotaufstriche ohne Zus\u00e4tze und ohne Zucker\",\"publisher\":{\"@id\":\"https:\/\/www.katrinskueche.de\/#organization\"},\"potentialAction\":[{\"@type\":\"SearchAction\",\"target\":{\"@type\":\"EntryPoint\",\"urlTemplate\":\"https:\/\/www.katrinskueche.de\/?s={search_term_string}\"},\"query-input\":\"required name=search_term_string\"}],\"inLanguage\":\"de\"},{\"@type\":\"Organization\",\"@id\":\"https:\/\/www.katrinskueche.de\/#organization\",\"name\":\"Katrins K\u00fcche\",\"url\":\"https:\/\/www.katrinskueche.de\/\",\"logo\":{\"@type\":\"ImageObject\",\"inLanguage\":\"de\",\"@id\":\"https:\/\/www.katrinskueche.de\/#\/schema\/logo\/image\/\",\"url\":\"https:\/\/www.katrinskueche.de\/wp-content\/uploads\/2018\/10\/katrinskueche_80.jpg\",\"contentUrl\":\"https:\/\/www.katrinskueche.de\/wp-content\/uploads\/2018\/10\/katrinskueche_80.jpg\",\"width\":79,\"height\":79,\"caption\":\"Katrins K\u00fcche\"},\"image\":{\"@id\":\"https:\/\/www.katrinskueche.de\/#\/schema\/logo\/image\/\"}}]}<\/script>\n<!-- \/ Yoast SEO plugin. -->","yoast_head_json":{"title":"Phenylketonurie (PKU) - Katrins K\u00fcche","robots":{"index":"index","follow":"follow","max-snippet":"max-snippet:-1","max-image-preview":"max-image-preview:large","max-video-preview":"max-video-preview:-1"},"canonical":"https:\/\/www.katrinskueche.de\/index.php\/phenylketonurie-pku\/","og_locale":"de_DE","og_type":"article","og_title":"Phenylketonurie (PKU) - Katrins K\u00fcche","og_description":"F\u00fcr Patienten mit PKU-Erkrankung habe ich einige Produkte mit Unterst\u00fctzung von Vitaflo und PRODI modifiziert","og_url":"https:\/\/www.katrinskueche.de\/index.php\/phenylketonurie-pku\/","og_site_name":"Katrins K\u00fcche","article_modified_time":"2021-06-06T12:57:00+00:00","og_image":[{"width":150,"height":150,"url":"https:\/\/www.katrinskueche.de\/wp-content\/uploads\/2020\/03\/pku-brotaufstrich.jpg","type":"image\/jpeg"}],"twitter_card":"summary_large_image","twitter_misc":{"Gesch\u00e4tzte Lesezeit":"7\u00a0Minuten"},"schema":{"@context":"https:\/\/schema.org","@graph":[{"@type":"WebPage","@id":"https:\/\/www.katrinskueche.de\/index.php\/phenylketonurie-pku\/","url":"https:\/\/www.katrinskueche.de\/index.php\/phenylketonurie-pku\/","name":"Phenylketonurie (PKU) - Katrins K\u00fcche","isPartOf":{"@id":"https:\/\/www.katrinskueche.de\/#website"},"datePublished":"2020-03-30T08:23:57+00:00","dateModified":"2021-06-06T12:57:00+00:00","breadcrumb":{"@id":"https:\/\/www.katrinskueche.de\/index.php\/phenylketonurie-pku\/#breadcrumb"},"inLanguage":"de","potentialAction":[{"@type":"ReadAction","target":["https:\/\/www.katrinskueche.de\/index.php\/phenylketonurie-pku\/"]}]},{"@type":"BreadcrumbList","@id":"https:\/\/www.katrinskueche.de\/index.php\/phenylketonurie-pku\/#breadcrumb","itemListElement":[{"@type":"ListItem","position":1,"name":"Startseite","item":"https:\/\/www.katrinskueche.de\/"},{"@type":"ListItem","position":2,"name":"Phenylketonurie (PKU)"}]},{"@type":"WebSite","@id":"https:\/\/www.katrinskueche.de\/#website","url":"https:\/\/www.katrinskueche.de\/","name":"Katrins K\u00fcche","description":"Vegane Brotaufstriche ohne Zus\u00e4tze und ohne Zucker","publisher":{"@id":"https:\/\/www.katrinskueche.de\/#organization"},"potentialAction":[{"@type":"SearchAction","target":{"@type":"EntryPoint","urlTemplate":"https:\/\/www.katrinskueche.de\/?s={search_term_string}"},"query-input":"required name=search_term_string"}],"inLanguage":"de"},{"@type":"Organization","@id":"https:\/\/www.katrinskueche.de\/#organization","name":"Katrins K\u00fcche","url":"https:\/\/www.katrinskueche.de\/","logo":{"@type":"ImageObject","inLanguage":"de","@id":"https:\/\/www.katrinskueche.de\/#\/schema\/logo\/image\/","url":"https:\/\/www.katrinskueche.de\/wp-content\/uploads\/2018\/10\/katrinskueche_80.jpg","contentUrl":"https:\/\/www.katrinskueche.de\/wp-content\/uploads\/2018\/10\/katrinskueche_80.jpg","width":79,"height":79,"caption":"Katrins K\u00fcche"},"image":{"@id":"https:\/\/www.katrinskueche.de\/#\/schema\/logo\/image\/"}}]}},"_links":{"self":[{"href":"https:\/\/www.katrinskueche.de\/index.php\/wp-json\/wp\/v2\/pages\/199"}],"collection":[{"href":"https:\/\/www.katrinskueche.de\/index.php\/wp-json\/wp\/v2\/pages"}],"about":[{"href":"https:\/\/www.katrinskueche.de\/index.php\/wp-json\/wp\/v2\/types\/page"}],"author":[{"embeddable":true,"href":"https:\/\/www.katrinskueche.de\/index.php\/wp-json\/wp\/v2\/users\/1"}],"replies":[{"embeddable":true,"href":"https:\/\/www.katrinskueche.de\/index.php\/wp-json\/wp\/v2\/comments?post=199"}],"version-history":[{"count":18,"href":"https:\/\/www.katrinskueche.de\/index.php\/wp-json\/wp\/v2\/pages\/199\/revisions"}],"predecessor-version":[{"id":427,"href":"https:\/\/www.katrinskueche.de\/index.php\/wp-json\/wp\/v2\/pages\/199\/revisions\/427"}],"wp:featuredmedia":[{"embeddable":true,"href":"https:\/\/www.katrinskueche.de\/index.php\/wp-json\/wp\/v2\/media\/213"}],"wp:attachment":[{"href":"https:\/\/www.katrinskueche.de\/index.php\/wp-json\/wp\/v2\/media?parent=199"}],"curies":[{"name":"wp","href":"https:\/\/api.w.org\/{rel}","templated":true}]}}